{"id":27,"date":"2021-10-26T16:17:03","date_gmt":"2021-10-26T14:17:03","guid":{"rendered":"https:\/\/dotnet-sas.net\/?page_id=27"},"modified":"2021-11-17T12:29:50","modified_gmt":"2021-11-17T11:29:50","slug":"nos-autres-solutions","status":"publish","type":"page","link":"https:\/\/www.dotnet-sas.net\/index.php\/nos-autres-solutions\/","title":{"rendered":"Nos autres solutions"},"content":{"rendered":"<div data-colibri-id=\"27-c1\" class=\"style-770 style-local-27-c1 position-relative\">\n  <!---->\n  <div data-colibri-component=\"section\" data-colibri-id=\"27-c2\" id=\"custom\" class=\"h-section h-section-global-spacing d-flex align-items-lg-center align-items-md-center align-items-center style-771 style-local-27-c2 position-relative\">\n    <!---->\n    <!---->\n    <div class=\"h-section-grid-container h-section-boxed-container\">\n      <!---->\n      <div data-colibri-id=\"27-c3\" class=\"h-row-container gutters-row-lg-2 gutters-row-md-2 gutters-row-0 gutters-row-v-lg-2 gutters-row-v-md-2 gutters-row-v-2 style-772 style-local-27-c3 position-relative\">\n        <!---->\n        <div class=\"h-row justify-content-lg-center justify-content-md-center justify-content-center align-items-lg-stretch align-items-md-stretch align-items-stretch gutters-col-lg-2 gutters-col-md-2 gutters-col-0 gutters-col-v-lg-2 gutters-col-v-md-2 gutters-col-v-2\">\n          <!---->\n          <div class=\"h-column h-column-container d-flex h-col-lg-auto h-col-md-auto h-col-auto style-773-outer style-local-27-c4-outer\">\n            <div data-colibri-id=\"27-c4\" class=\"d-flex h-flex-basis h-column__inner h-px-lg-2 h-px-md-2 h-px-2 v-inner-lg-2 v-inner-md-2 v-inner-2 style-773 style-local-27-c4 position-relative\">\n              <!---->\n              <!---->\n              <div class=\"w-100 h-y-container h-column__content h-column__v-align flex-basis-100 align-self-lg-start align-self-md-start align-self-start\">\n                <!---->\n                <div data-colibri-id=\"27-c5\" class=\"style-822 style-local-27-c5 position-relative h-element\">\n                  <!---->\n                <\/div>\n                <div data-colibri-id=\"27-c6\" class=\"d-block style-775 style-local-27-c6 position-relative h-element\">\n                  <!---->\n                  <div class=\"h-image__frame-container-outer\">\n                    <div class=\"h-image__frame-container\">\n                      <!---->\n                      <!---->\n                      <img loading=\"lazy\" width=\"450\" height=\"120\" src=\"https:\/\/dotnet-sas.net\/wp-content\/uploads\/2021\/11\/logo_contrat_2021_07_19_11_22_27.png\" class=\"wp-image-945 style-775-image style-local-27-c6-image\" srcset=\"https:\/\/www.dotnet-sas.net\/wp-content\/uploads\/2021\/11\/logo_contrat_2021_07_19_11_22_27.png 450w, https:\/\/www.dotnet-sas.net\/wp-content\/uploads\/2021\/11\/logo_contrat_2021_07_19_11_22_27-300x80.png 300w\" sizes=\"(max-width: 450px) 100vw, 450px\" alt=\"\" \/>\n                      <div class=\"h-image__frame h-hide-lg h-hide-md h-hide-sm style-775-frameImage style-local-27-c6-frameImage\"><\/div>\n                    <\/div>\n                  <\/div>\n                <\/div>\n                <div data-colibri-id=\"27-c7\" class=\"h-x-container style-780 style-local-27-c7 position-relative h-element\">\n                  <!---->\n                  <div class=\"h-x-container-inner style-dynamic-27-c7-group style-780-spacing style-local-27-c7-spacing\"><span class=\"h-button__outer style-781-outer style-local-27-c8-outer d-inline-flex h-element\"><a h-use-smooth-scroll=\"true\" href=\"https:\/\/www.contrats-de-travail.net\/\" target=\"_blank\" data-colibri-id=\"27-c8\" class=\"d-flex w-100 align-items-center h-button justify-content-lg-center justify-content-md-center justify-content-center style-781 style-local-27-c8 position-relative\" rel=\"noopener\"><!----><!----> <span>Contrats de travail \u2192<\/span><\/a>\n                    <\/span>\n                  <\/div>\n                <\/div>\n              <\/div>\n            <\/div>\n          <\/div>\n          <div class=\"h-column h-column-container d-flex h-col-lg-auto h-col-md-auto h-col-auto style-774-outer style-local-27-c9-outer\">\n            <div data-colibri-id=\"27-c9\" class=\"d-flex h-flex-basis h-column__inner h-px-lg-2 h-px-md-2 h-px-2 v-inner-lg-2 v-inner-md-2 v-inner-2 style-774 style-local-27-c9 position-relative\">\n              <!---->\n              <!---->\n              <div class=\"w-100 h-y-container h-column__content h-column__v-align flex-basis-100 align-self-lg-start align-self-md-start align-self-start\">\n                <!---->\n                <div data-colibri-id=\"27-c10\" class=\"h-icon style-808 style-local-27-c10 position-relative h-element\">\n                  <!----><span class=\"h-svg-icon h-icon__icon style-808-icon style-local-27-c10-icon\"><!--Icon by Font Awesome (https:\/\/fontawesome.com)--><svg version=\"1.1\" xmlns=\"http:\/\/www.w3.org\/2000\/svg\" xmlns:xlink=\"http:\/\/www.w3.org\/1999\/xlink\" id=\"clock-o\" viewBox=\"0 0 1536 1896.0833\"><path d=\"M896 544v448q0 14-9 23t-23 9H544q-14 0-23-9t-9-23v-64q0-14 9-23t23-9h224V544q0-14 9-23t23-9h64q14 0 23 9t9 23zm416 352q0-148-73-273t-198-198-273-73-273 73-198 198-73 273 73 273 198 198 273 73 273-73 198-198 73-273zm224 0q0 209-103 385.5T1153.5 1561 768 1664t-385.5-103T103 1281.5 0 896t103-385.5T382.5 231 768 128t385.5 103T1433 510.5 1536 896z\"><\/path><\/svg><\/span><\/div>\n                <div\n                  data-colibri-id=\"27-c11\" class=\"h-lead h-text h-text-component style-814 style-local-27-c11 position-relative h-element\">\n                  <!---->\n                  <!---->\n                  <div class=\"\">\n                    <p>Rapide : 2 Minutes<\/p>\n                  <\/div>\n              <\/div>\n              <div data-colibri-id=\"27-c12\" class=\"h-text h-text-component style-813 style-local-27-c12 position-relative h-element\">\n                <!---->\n                <!---->\n                <div class=\"\">\n                  <p>Votre contrat de travail pr\u00eat en 2 minutes, \u00e0 t\u00e9l\u00e9charger IMM\u00c9DIATEMENT.<\/p>\n                <\/div>\n              <\/div>\n            <\/div>\n          <\/div>\n        <\/div>\n        <div class=\"h-column h-column-container d-flex h-col-lg-auto h-col-md-auto h-col-auto style-805-outer style-local-27-c13-outer\">\n          <div data-colibri-id=\"27-c13\" class=\"d-flex h-flex-basis h-column__inner h-px-lg-2 h-px-md-2 h-px-2 v-inner-lg-2 v-inner-md-2 v-inner-2 style-805 style-local-27-c13 position-relative\">\n            <!---->\n            <!---->\n            <div class=\"w-100 h-y-container h-column__content h-column__v-align flex-basis-100 align-self-lg-start align-self-md-start align-self-start\">\n              <!---->\n              <div data-colibri-id=\"27-c14\" class=\"h-icon style-810 style-local-27-c14 position-relative h-element\">\n                <!----><span class=\"h-svg-icon h-icon__icon style-810-icon style-local-27-c14-icon\"><!--Icon by Font Awesome (https:\/\/fontawesome.com)--><svg version=\"1.1\" xmlns=\"http:\/\/www.w3.org\/2000\/svg\" xmlns:xlink=\"http:\/\/www.w3.org\/1999\/xlink\" id=\"legal\" viewBox=\"0 0 1792 1896.0833\"><path d=\"M1771 1536q0 53-37 90l-107 108q-39 37-91 37-53 0-90-37l-363-364q-38-36-38-90 0-53 43-96L832 928l-126 126q-14 14-34 14t-34-14q2 2 12.5 12t12.5 13 10 11.5 10 13.5 6 13.5 5.5 16.5 1.5 18q0 38-28 68-3 3-16.5 18t-19 20.5T614 1275t-22 15.5-22 9-26 4.5q-40 0-68-28L68 868q-28-28-28-68 0-13 4.5-26t9-22T69 730t16.5-18.5 20.5-19 18-16.5q30-28 68-28 10 0 18 1.5t16.5 5.5 13.5 6 13.5 10 11.5 10 13 12.5 12 12.5q-14-14-14-34t14-34l348-348q14-14 34-14t34 14q-2-2-12.5-12T681 265t-10-11.5-10-13.5-6-13.5-5.5-16.5-1.5-18q0-38 28-68 3-3 16.5-18t19-20.5T730 69t22-15.5 22-9 26-4.5q40 0 68 28l408 408q28 28 28 68 0 13-4.5 26t-9 22-15.5 22-16.5 18.5-20.5 19-18 16.5q-30 28-68 28-10 0-18-1.5t-16.5-5.5-13.5-6-13.5-10-11.5-10-13-12.5-12-12.5q14 14 14 34t-14 34L928 832l256 256q43-43 96-43 52 0 91 37l363 363q37 39 37 91z\"><\/path><\/svg><\/span><\/div>\n              <div\n                data-colibri-id=\"27-c15\" class=\"h-lead h-text h-text-component style-816 style-local-27-c15 position-relative h-element\">\n                <!---->\n                <!---->\n                <div class=\"\">\n                  <p>100% Conforme<\/p>\n                <\/div>\n            <\/div>\n            <div data-colibri-id=\"27-c16\" class=\"h-text h-text-component style-815 style-local-27-c16 position-relative h-element\">\n              <!---->\n              <!---->\n              <div class=\"\">\n                <p>Contrat de travail (CDI ou CDD) conforme \u00e0 la l\u00e9gislation en vigueur avec les clauses l\u00e9gales de mobilit\u00e9 et de non-concurrence.<\/p>\n              <\/div>\n            <\/div>\n          <\/div>\n        <\/div>\n      <\/div>\n      <div class=\"h-column h-column-container d-flex h-col-lg-auto h-col-md-auto h-col-auto style-806-outer style-local-27-c17-outer\">\n        <div data-colibri-id=\"27-c17\" class=\"d-flex h-flex-basis h-column__inner h-px-lg-2 h-px-md-2 h-px-2 v-inner-lg-2 v-inner-md-2 v-inner-2 style-806 style-local-27-c17 position-relative\">\n          <!---->\n          <!---->\n          <div class=\"w-100 h-y-container h-column__content h-column__v-align flex-basis-100 align-self-lg-start align-self-md-start align-self-start\">\n            <!---->\n            <div data-colibri-id=\"27-c18\" class=\"h-icon style-812 style-local-27-c18 position-relative h-element\">\n              <!----><span class=\"h-svg-icon h-icon__icon style-812-icon style-local-27-c18-icon\"><!--Icon by Icons8 Line Awesome (https:\/\/icons8.com\/line-awesome)--><svg version=\"1.1\" xmlns=\"http:\/\/www.w3.org\/2000\/svg\" xmlns:xlink=\"http:\/\/www.w3.org\/1999\/xlink\" id=\"money\" viewBox=\"0 0 512 545.5\"><path d=\"M447 108l12 68h-32.5l-5.5-31-181 31H50.5zM32 192h448v256H32V192zm79 32c.533 2.603 1 5.238 1 8 0 22.092-17.908 40-40 40-2.762 0-5.396-.467-8-1v98c2.603-.533 5.238-1 8-1 22.092 0 40 17.908 40 40 0 2.762-.467 5.396-1 8h290c-.533-2.603-1-5.238-1-8 0-22.092 17.908-40 40-40 2.762 0 5.396.467 8 1v-98c-2.603.533-5.238 1-8 1-22.092 0-40-17.908-40-40 0-2.762.467-5.396 1-8H111zm145 16c43.993 0 80 36.007 80 80s-36.007 80-80 80-80-36.007-80-80 36.007-80 80-80zm0 32c-26.7 0-48 21.3-48 48s21.3 48 48 48 48-21.3 48-48-21.3-48-48-48z\"><\/path><\/svg><\/span><\/div>\n            <div\n              data-colibri-id=\"27-c19\" class=\"h-lead h-text h-text-component style-818 style-local-27-c19 position-relative h-element\">\n              <!---->\n              <!---->\n              <div class=\"\">\n                <p>Economique<\/p>\n              <\/div>\n          <\/div>\n          <div data-colibri-id=\"27-c20\" class=\"h-text h-text-component style-817 style-local-27-c20 position-relative h-element\">\n            <!---->\n            <!---->\n            <div class=\"\">\n              <p>Le meilleur tarif en France pour obtenir IMM\u00c9DIATEMENT un contrat de travail en CDI ou CDD conforme qui prot\u00e8ge l&rsquo;entreprise et le salari\u00e9.<\/p>\n            <\/div>\n          <\/div>\n        <\/div>\n      <\/div>\n    <\/div>\n  <\/div>\n<\/div>\n<\/div>\n<\/div>\n<div data-colibri-component=\"section\" data-colibri-id=\"27-c21\" id=\"custom-2\" class=\"h-section h-section-global-spacing d-flex align-items-lg-center align-items-md-center align-items-center style-782 style-local-27-c21 position-relative\">\n  <!---->\n  <!---->\n  <div class=\"h-section-grid-container h-section-boxed-container\">\n    <!---->\n    <div data-colibri-id=\"27-c22\" class=\"h-row-container gutters-row-lg-2 gutters-row-md-2 gutters-row-0 gutters-row-v-lg-2 gutters-row-v-md-2 gutters-row-v-2 style-783 style-local-27-c22 position-relative\">\n      <!---->\n      <div class=\"h-row justify-content-lg-center justify-content-md-center justify-content-center align-items-lg-stretch align-items-md-stretch align-items-stretch gutters-col-lg-2 gutters-col-md-2 gutters-col-0 gutters-col-v-lg-2 gutters-col-v-md-2 gutters-col-v-2\">\n        <!---->\n        <div class=\"h-column h-column-container d-flex h-col-lg-auto h-col-md-auto h-col-auto style-784-outer style-local-27-c23-outer\">\n          <div data-colibri-id=\"27-c23\" class=\"d-flex h-flex-basis h-column__inner h-px-lg-2 h-px-md-2 h-px-2 v-inner-lg-2 v-inner-md-2 v-inner-2 style-784 style-local-27-c23 position-relative\">\n            <!---->\n            <!---->\n            <div class=\"w-100 h-y-container h-column__content h-column__v-align flex-basis-100 align-self-lg-start align-self-md-start align-self-start\">\n              <!---->\n              <div data-colibri-id=\"27-c24\" class=\"style-823 style-local-27-c24 position-relative h-element\">\n                <!---->\n              <\/div>\n              <div data-colibri-id=\"27-c25\" class=\"d-block style-786 style-local-27-c25 position-relative h-element\">\n                <!---->\n                <div class=\"h-image__frame-container-outer\">\n                  <div class=\"h-image__frame-container\">\n                    <!---->\n                    <!---->\n                    <img loading=\"lazy\" width=\"450\" height=\"120\" src=\"https:\/\/dotnet-sas.net\/wp-content\/uploads\/2021\/11\/logo_declaration_embauche.png\" class=\"wp-image-984 style-786-image style-local-27-c25-image\" srcset=\"https:\/\/www.dotnet-sas.net\/wp-content\/uploads\/2021\/11\/logo_declaration_embauche.png 450w, https:\/\/www.dotnet-sas.net\/wp-content\/uploads\/2021\/11\/logo_declaration_embauche-300x80.png 300w\" sizes=\"(max-width: 450px) 100vw, 450px\" alt=\"\" \/>\n                    <div class=\"h-image__frame h-hide-lg h-hide-md h-hide-sm style-786-frameImage style-local-27-c25-frameImage\"><\/div>\n                  <\/div>\n                <\/div>\n              <\/div>\n              <div data-colibri-id=\"27-c26\" class=\"h-x-container style-788 style-local-27-c26 position-relative h-element\">\n                <!---->\n                <div class=\"h-x-container-inner style-dynamic-27-c26-group style-788-spacing style-local-27-c26-spacing\"><span class=\"h-button__outer style-789-outer style-local-27-c27-outer d-inline-flex h-element\"><a h-use-smooth-scroll=\"true\" href=\"https:\/\/www.declaration-embauche.net\/\" target=\"_blank\" data-colibri-id=\"27-c27\" class=\"d-flex w-100 align-items-center h-button justify-content-lg-center justify-content-md-center justify-content-center style-789 style-local-27-c27 position-relative\" rel=\"noopener\"><!----><!----> <span>D\u00e9claration-Embauche \u2192<\/span><\/a>\n                  <\/span>\n                <\/div>\n              <\/div>\n            <\/div>\n          <\/div>\n        <\/div>\n        <div class=\"h-column h-column-container d-flex h-col-lg-auto h-col-md-auto h-col-auto style-785-outer style-local-27-c28-outer\">\n          <div data-colibri-id=\"27-c28\" class=\"d-flex h-flex-basis h-column__inner h-px-lg-2 h-px-md-2 h-px-2 v-inner-lg-2 v-inner-md-2 v-inner-2 style-785 style-local-27-c28 position-relative\">\n            <!---->\n            <!---->\n            <div class=\"w-100 h-y-container h-column__content h-column__v-align flex-basis-100 align-self-lg-start align-self-md-start align-self-start\">\n              <!---->\n              <div data-colibri-id=\"27-c29\" class=\"h-icon style-793 style-local-27-c29 position-relative h-element\">\n                <!----><span class=\"h-svg-icon h-icon__icon style-793-icon style-local-27-c29-icon\"><!--Icon by Font Awesome (https:\/\/fontawesome.com)--><svg version=\"1.1\" xmlns=\"http:\/\/www.w3.org\/2000\/svg\" xmlns:xlink=\"http:\/\/www.w3.org\/1999\/xlink\" id=\"clock-o\" viewBox=\"0 0 1536 1896.0833\"><path d=\"M896 544v448q0 14-9 23t-23 9H544q-14 0-23-9t-9-23v-64q0-14 9-23t23-9h224V544q0-14 9-23t23-9h64q14 0 23 9t9 23zm416 352q0-148-73-273t-198-198-273-73-273 73-198 198-73 273 73 273 198 198 273 73 273-73 198-198 73-273zm224 0q0 209-103 385.5T1153.5 1561 768 1664t-385.5-103T103 1281.5 0 896t103-385.5T382.5 231 768 128t385.5 103T1433 510.5 1536 896z\"><\/path><\/svg><\/span><\/div>\n              <div\n                data-colibri-id=\"27-c30\" class=\"h-lead h-text h-text-component style-796 style-local-27-c30 position-relative h-element\">\n                <!---->\n                <!---->\n                <div class=\"\">\n                  <p>Rapide : 2 minutes<\/p>\n                <\/div>\n            <\/div>\n            <div data-colibri-id=\"27-c31\" class=\"h-text h-text-component style-795 style-local-27-c31 position-relative h-element\">\n              <!---->\n              <!---->\n              <div class=\"\">\n                <p>Une d\u00e9claration de vos salari\u00e9s en quelques minutes<\/p>\n              <\/div>\n            <\/div>\n          <\/div>\n        <\/div>\n      <\/div>\n      <div class=\"h-column h-column-container d-flex h-col-lg-auto h-col-md-auto h-col-auto style-791-outer style-local-27-c32-outer\">\n        <div data-colibri-id=\"27-c32\" class=\"d-flex h-flex-basis h-column__inner h-px-lg-2 h-px-md-2 h-px-2 v-inner-lg-2 v-inner-md-2 v-inner-2 style-791 style-local-27-c32 position-relative\">\n          <!---->\n          <!---->\n          <div class=\"w-100 h-y-container h-column__content h-column__v-align flex-basis-100 align-self-lg-start align-self-md-start align-self-start\">\n            <!---->\n            <div data-colibri-id=\"27-c33\" class=\"h-icon style-798 style-local-27-c33 position-relative h-element\">\n              <!----><span class=\"h-svg-icon h-icon__icon style-798-icon style-local-27-c33-icon\"><!--Icon by Font Awesome (https:\/\/fontawesome.com)--><svg version=\"1.1\" xmlns=\"http:\/\/www.w3.org\/2000\/svg\" xmlns:xlink=\"http:\/\/www.w3.org\/1999\/xlink\" id=\"legal\" viewBox=\"0 0 1792 1896.0833\"><path d=\"M1771 1536q0 53-37 90l-107 108q-39 37-91 37-53 0-90-37l-363-364q-38-36-38-90 0-53 43-96L832 928l-126 126q-14 14-34 14t-34-14q2 2 12.5 12t12.5 13 10 11.5 10 13.5 6 13.5 5.5 16.5 1.5 18q0 38-28 68-3 3-16.5 18t-19 20.5T614 1275t-22 15.5-22 9-26 4.5q-40 0-68-28L68 868q-28-28-28-68 0-13 4.5-26t9-22T69 730t16.5-18.5 20.5-19 18-16.5q30-28 68-28 10 0 18 1.5t16.5 5.5 13.5 6 13.5 10 11.5 10 13 12.5 12 12.5q-14-14-14-34t14-34l348-348q14-14 34-14t34 14q-2-2-12.5-12T681 265t-10-11.5-10-13.5-6-13.5-5.5-16.5-1.5-18q0-38 28-68 3-3 16.5-18t19-20.5T730 69t22-15.5 22-9 26-4.5q40 0 68 28l408 408q28 28 28 68 0 13-4.5 26t-9 22-15.5 22-16.5 18.5-20.5 19-18 16.5q-30 28-68 28-10 0-18-1.5t-16.5-5.5-13.5-6-13.5-10-11.5-10-13-12.5-12-12.5q14 14 14 34t-14 34L928 832l256 256q43-43 96-43 52 0 91 37l363 363q37 39 37 91z\"><\/path><\/svg><\/span><\/div>\n            <div\n              data-colibri-id=\"27-c34\" class=\"h-lead h-text h-text-component style-800 style-local-27-c34 position-relative h-element\">\n              <!---->\n              <!---->\n              <div class=\"\">\n                <p>100 % Conforme<\/p>\n              <\/div>\n          <\/div>\n          <div data-colibri-id=\"27-c35\" class=\"h-text h-text-component style-799 style-local-27-c35 position-relative h-element\">\n            <!---->\n            <!---->\n            <div class=\"\">\n              <p>Nous nous chargeons de tout. Compl\u00e9tez simplement le formulaire.<\/p>\n            <\/div>\n          <\/div>\n        <\/div>\n      <\/div>\n    <\/div>\n    <div class=\"h-column h-column-container d-flex h-col-lg-auto h-col-md-auto h-col-auto style-794-outer style-local-27-c36-outer\">\n      <div data-colibri-id=\"27-c36\" class=\"d-flex h-flex-basis h-column__inner h-px-lg-2 h-px-md-2 h-px-2 v-inner-lg-2 v-inner-md-2 v-inner-2 style-794 style-local-27-c36 position-relative\">\n        <!---->\n        <!---->\n        <div class=\"w-100 h-y-container h-column__content h-column__v-align flex-basis-100 align-self-lg-start align-self-md-start align-self-start\">\n          <!---->\n          <div data-colibri-id=\"27-c37\" class=\"h-icon style-802 style-local-27-c37 position-relative h-element\">\n            <!----><span class=\"h-svg-icon h-icon__icon style-802-icon style-local-27-c37-icon\"><!--Icon by Font Awesome (https:\/\/fontawesome.com)--><svg version=\"1.1\" xmlns=\"http:\/\/www.w3.org\/2000\/svg\" xmlns:xlink=\"http:\/\/www.w3.org\/1999\/xlink\" id=\"calculator\" viewBox=\"0 0 1792 1896.0833\"><path d=\"M384 1536q0-53-37.5-90.5T256 1408t-90.5 37.5T128 1536t37.5 90.5T256 1664t90.5-37.5T384 1536zm384 0q0-53-37.5-90.5T640 1408t-90.5 37.5T512 1536t37.5 90.5T640 1664t90.5-37.5T768 1536zm-384-384q0-53-37.5-90.5T256 1024t-90.5 37.5T128 1152t37.5 90.5T256 1280t90.5-37.5T384 1152zm768 384q0-53-37.5-90.5T1024 1408t-90.5 37.5T896 1536t37.5 90.5 90.5 37.5 90.5-37.5 37.5-90.5zm-384-384q0-53-37.5-90.5T640 1024t-90.5 37.5T512 1152t37.5 90.5T640 1280t90.5-37.5T768 1152zM384 768q0-53-37.5-90.5T256 640t-90.5 37.5T128 768t37.5 90.5T256 896t90.5-37.5T384 768zm768 384q0-53-37.5-90.5T1024 1024t-90.5 37.5T896 1152t37.5 90.5 90.5 37.5 90.5-37.5 37.5-90.5zM768 768q0-53-37.5-90.5T640 640t-90.5 37.5T512 768t37.5 90.5T640 896t90.5-37.5T768 768zm768 768v-384q0-52-38-90t-90-38-90 38-38 90v384q0 52 38 90t90 38 90-38 38-90zm-384-768q0-53-37.5-90.5T1024 640t-90.5 37.5T896 768t37.5 90.5T1024 896t90.5-37.5T1152 768zm384-320V192q0-26-19-45t-45-19H192q-26 0-45 19t-19 45v256q0 26 19 45t45 19h1280q26 0 45-19t19-45zm0 320q0-53-37.5-90.5T1408 640t-90.5 37.5T1280 768t37.5 90.5T1408 896t90.5-37.5T1536 768zm128-640v1536q0 52-38 90t-90 38H128q-52 0-90-38t-38-90V128q0-52 38-90t90-38h1408q52 0 90 38t38 90z\"><\/path><\/svg><\/span><\/div>\n          <div\n            data-colibri-id=\"27-c38\" class=\"h-lead h-text h-text-component style-804 style-local-27-c38 position-relative h-element\">\n            <!---->\n            <!---->\n            <div class=\"\">\n              <p>Disponibilit\u00e9 24\/24H<\/p>\n            <\/div>\n        <\/div>\n        <div data-colibri-id=\"27-c39\" class=\"h-text h-text-component style-803 style-local-27-c39 position-relative h-element\">\n          <!---->\n          <!---->\n          <div class=\"\">\n            <p>D\u00e9clarez vos salari\u00e9s 24h\/24h quand vous le souhaitez, o\u00f9 vous le voulez.<\/p>\n          <\/div>\n        <\/div>\n      <\/div>\n    <\/div>\n  <\/div>\n<\/div>\n<\/div>\n<\/div>\n<\/div>\n<\/div>","protected":false},"excerpt":{"rendered":"<p>Contrats de travail \u2192 Rapide : 2 Minutes Votre contrat de travail pr\u00eat en 2 minutes, \u00e0 t\u00e9l\u00e9charger IMM\u00c9DIATEMENT. 100% Conforme Contrat de travail (CDI ou CDD) conforme \u00e0 la l\u00e9gislation en vigueur avec les clauses l\u00e9gales de mobilit\u00e9 et de non-concurrence. Economique Le meilleur tarif en France pour obtenir IMM\u00c9DIATEMENT un contrat de travail [&hellip;]<\/p>\n","protected":false},"author":1,"featured_media":0,"parent":0,"menu_order":0,"comment_status":"closed","ping_status":"closed","template":"page-templates\/full-width-page.php","meta":[],"_links":{"self":[{"href":"https:\/\/www.dotnet-sas.net\/index.php\/wp-json\/wp\/v2\/pages\/27"}],"collection":[{"href":"https:\/\/www.dotnet-sas.net\/index.php\/wp-json\/wp\/v2\/pages"}],"about":[{"href":"https:\/\/www.dotnet-sas.net\/index.php\/wp-json\/wp\/v2\/types\/page"}],"author":[{"embeddable":true,"href":"https:\/\/www.dotnet-sas.net\/index.php\/wp-json\/wp\/v2\/users\/1"}],"replies":[{"embeddable":true,"href":"https:\/\/www.dotnet-sas.net\/index.php\/wp-json\/wp\/v2\/comments?post=27"}],"version-history":[{"count":19,"href":"https:\/\/www.dotnet-sas.net\/index.php\/wp-json\/wp\/v2\/pages\/27\/revisions"}],"predecessor-version":[{"id":1622,"href":"https:\/\/www.dotnet-sas.net\/index.php\/wp-json\/wp\/v2\/pages\/27\/revisions\/1622"}],"wp:attachment":[{"href":"https:\/\/www.dotnet-sas.net\/index.php\/wp-json\/wp\/v2\/media?parent=27"}],"curies":[{"name":"wp","href":"https:\/\/api.w.org\/{rel}","templated":true}]}}